{"id":66,"date":"2023-01-27T18:28:25","date_gmt":"2023-01-27T18:28:25","guid":{"rendered":"https:\/\/fadouldesign.com\/?post_type=product&#038;p=66"},"modified":"2023-01-31T05:56:37","modified_gmt":"2023-01-31T05:56:37","slug":"wanna-be-like-mike","status":"publish","type":"product","link":"https:\/\/fadouldesign.com\/en\/product\/wanna-be-like-mike\/","title":{"rendered":"Wanna be like Mike"},"content":{"rendered":"","protected":false},"excerpt":{"rendered":"<p>Sublimation sur tissu<br \/>\nCadre mural gris anodis\u00e9 de 23 mm (0,91\u2033) en aluminium.<br \/>\nCe dernier peut \u00eatre viss\u00e9 directement au mur ou simplement accroch\u00e9.<br \/>\nToile interchangeable simplement<\/p>\n","protected":false},"featured_media":67,"template":"","meta":{"_et_pb_use_builder":"","_et_pb_old_content":"","_et_gb_content_width":""},"product_brand":[],"product_cat":[51,34,35,47,43,50],"product_tag":[],"class_list":{"0":"post-66","1":"product","2":"type-product","3":"status-publish","4":"has-post-thumbnail","6":"product_cat-aluminium-35mm","7":"product_cat-cadres","8":"product_cat-impressions","9":"product_cat-montage","10":"product_cat-sublimation-sur-tissu","11":"product_cat-toiles-interchangeables","13":"first","14":"instock","15":"taxable","16":"shipping-taxable","17":"purchasable","18":"product-type-simple"},"_links":{"self":[{"href":"https:\/\/fadouldesign.com\/en\/wp-json\/wp\/v2\/product\/66","targetHints":{"allow":["GET"]}}],"collection":[{"href":"https:\/\/fadouldesign.com\/en\/wp-json\/wp\/v2\/product"}],"about":[{"href":"https:\/\/fadouldesign.com\/en\/wp-json\/wp\/v2\/types\/product"}],"wp:featuredmedia":[{"embeddable":true,"href":"https:\/\/fadouldesign.com\/en\/wp-json\/wp\/v2\/media\/67"}],"wp:attachment":[{"href":"https:\/\/fadouldesign.com\/en\/wp-json\/wp\/v2\/media?parent=66"}],"wp:term":[{"taxonomy":"product_brand","embeddable":true,"href":"https:\/\/fadouldesign.com\/en\/wp-json\/wp\/v2\/product_brand?post=66"},{"taxonomy":"product_cat","embeddable":true,"href":"https:\/\/fadouldesign.com\/en\/wp-json\/wp\/v2\/product_cat?post=66"},{"taxonomy":"product_tag","embeddable":true,"href":"https:\/\/fadouldesign.com\/en\/wp-json\/wp\/v2\/product_tag?post=66"}],"curies":[{"name":"wp","href":"https:\/\/api.w.org\/{rel}","templated":true}]}}